{"id":10,"date":"2024-10-18T12:37:47","date_gmt":"2024-10-18T12:37:47","guid":{"rendered":"http:\/\/buygardiscan.germie.eu\/?page_id=10"},"modified":"2024-10-22T07:28:42","modified_gmt":"2024-10-22T07:28:42","slug":"cart","status":"publish","type":"page","link":"https:\/\/buygardiscan.germie.eu\/?page_id=10","title":{"rendered":"Cart"},"content":{"rendered":"\n<div data-block-name=\"woocommerce\/cart\" class=\"wp-block-woocommerce-cart alignwide is-loading\">\n<div data-block-name=\"woocommerce\/filled-cart-block\" class=\"wp-block-woocommerce-filled-cart-block\">\n<div data-block-name=\"woocommerce\/cart-items-block\" class=\"wp-block-woocommerce-cart-items-block\">\n<div data-block-name=\"woocommerce\/cart-line-items-block\" class=\"wp-block-woocommerce-cart-line-items-block\"><\/div>\n\n\n\n<div data-block-name=\"woocommerce\/cart-cross-sells-block\" class=\"wp-block-woocommerce-cart-cross-sells-block\">\n<h2 class=\"wp-block-heading has-large-font-size\">You may be interested in\u2026<\/h2>\n\n\n\n<div data-block-name=\"woocommerce\/cart-cross-sells-products-block\" class=\"wp-block-woocommerce-cart-cross-sells-products-block\"><\/div>\n<\/div>\n<\/div>\n\n\n\n<div data-block-name=\"woocommerce\/cart-totals-block\" class=\"wp-block-woocommerce-cart-totals-block\">\n<div data-block-name=\"woocommerce\/cart-order-summary-block\" class=\"wp-block-woocommerce-cart-order-summary-block\">\n<div data-block-name=\"woocommerce\/cart-order-summary-heading-block\" class=\"wp-block-woocommerce-cart-order-summary-heading-block\"><\/div><div data-block-name=\"woocommerce\/cart-order-summary-coupon-form-block\" class=\"wp-block-woocommerce-cart-order-summary-coupon-form-block\"><\/div><div data-block-name=\"woocommerce\/cart-order-summary-totals-block\" class=\"wp-block-woocommerce-cart-order-summary-totals-block\">\n<div data-block-name=\"woocommerce\/cart-order-summary-subtotal-block\" class=\"wp-block-woocommerce-cart-order-summary-subtotal-block\"><\/div>\n<div data-block-name=\"woocommerce\/cart-order-summary-discount-block\" class=\"wp-block-woocommerce-cart-order-summary-discount-block\"><\/div>\n<div data-block-name=\"woocommerce\/cart-order-summary-fee-block\" class=\"wp-block-woocommerce-cart-order-summary-fee-block\"><\/div>\n<div data-block-name=\"woocommerce\/cart-order-summary-shipping-block\" class=\"wp-block-woocommerce-cart-order-summary-shipping-block\"><\/div>\n<div data-block-name=\"woocommerce\/cart-order-summary-taxes-block\" class=\"wp-block-woocommerce-cart-order-summary-taxes-block\"><\/div><\/div>\n<\/div>\n\n\n\n<div data-block-name=\"woocommerce\/cart-express-payment-block\" class=\"wp-block-woocommerce-cart-express-payment-block\"><\/div>\n\n\n\n<div data-block-name=\"woocommerce\/proceed-to-checkout-block\" class=\"wp-block-woocommerce-proceed-to-checkout-block\"><\/div>\n\n\n\n<div data-block-name=\"woocommerce\/cart-accepted-payment-methods-block\" class=\"wp-block-woocommerce-cart-accepted-payment-methods-block\"><\/div>\n<\/div>\n<\/div>\n\n\n\n<div data-block-name=\"woocommerce\/empty-cart-block\" class=\"wp-block-woocommerce-empty-cart-block\">\n<h2 class=\"wp-block-heading has-text-align-center with-empty-cart-icon wc-block-cart__empty-cart__title\">Your cart is currently empty!<\/h2>\n\n\n\n<hr class=\"wp-block-separator has-alpha-channel-opacity is-style-dots\"\/>\n\n\n\n<h2 class=\"wp-block-heading has-text-align-center\">New in store<\/h2>\n\n\n<div data-block-name=\"woocommerce\/product-new\" data-columns=\"4\" data-rows=\"1\" class=\"wc-block-grid wp-block-product-new wp-block-woocommerce-product-new wc-block-product-new has-4-columns\"><ul class=\"wc-block-grid__products\"><li class=\"wc-block-grid__product\">\n\t\t\t\t<a href=\"https:\/\/buygardiscan.germie.eu\/?product=aide-a-linstallation\" class=\"wc-block-grid__product-link\">\n\t\t\t\t\t\n\t\t\t\t\t<div class=\"wc-block-grid__product-image\"><img fetchpriority=\"high\" decoding=\"async\" width=\"300\" height=\"300\" src=\"https:\/\/buygardiscan.germie.eu\/wp-content\/uploads\/2024\/11\/1730719860890_2K6Jcgjd-300x300.jpg\" class=\"attachment-woocommerce_thumbnail size-woocommerce_thumbnail\" alt=\"Aide \u00e0 l&#039;installation de l&#039;Application Gardiscan avec Prise de Contr\u00f4le \u00e0 Distance\" srcset=\"https:\/\/buygardiscan.germie.eu\/wp-content\/uploads\/2024\/11\/1730719860890_2K6Jcgjd-300x300.jpg 300w, https:\/\/buygardiscan.germie.eu\/wp-content\/uploads\/2024\/11\/1730719860890_2K6Jcgjd-150x150.jpg 150w, https:\/\/buygardiscan.germie.eu\/wp-content\/uploads\/2024\/11\/1730719860890_2K6Jcgjd-100x100.jpg 100w, https:\/\/buygardiscan.germie.eu\/wp-content\/uploads\/2024\/11\/1730719860890_2K6Jcgjd.jpg 512w\" sizes=\"(max-width: 300px) 100vw, 300px\" \/><\/div>\n\t\t\t\t\t<div class=\"wc-block-grid__product-title\">Aide \u00e0 l&#8217;installation de l&#8217;Application Gardiscan avec Prise de Contr\u00f4le \u00e0 Distance<\/div>\n\t\t\t\t<\/a>\n\t\t\t\t<div class=\"wc-block-grid__product-price price\"><span class=\"woocommerce-Price-amount amount\">20,00&nbsp;<span class=\"woocommerce-Price-currencySymbol\">&euro;<\/span><\/span><\/div>\n\t\t\t\t\n\t\t\t\t<div class=\"wp-block-button wc-block-grid__product-add-to-cart\"><a href=\"\/index.php?rest_route=%2Fwp%2Fv2%2Fpages%2F10&#038;add-to-cart=236\" aria-label=\"Ajouter au panier\u00a0: &ldquo;Aide \u00e0 l&#039;installation de l&#039;Application Gardiscan avec Prise de Contr\u00f4le \u00e0 Distance&rdquo;\" data-quantity=\"1\" data-product_id=\"236\" data-product_sku=\"\" data-price=\"20\" rel=\"nofollow\" class=\"wp-block-button__link  add_to_cart_button ajax_add_to_cart\">Ajouter au panier<\/a><\/div>\n\t\t\t<\/li><li class=\"wc-block-grid__product\">\n\t\t\t\t<a href=\"https:\/\/buygardiscan.germie.eu\/?product=analyseur-de-sol-intelligent-8-en-1-gardiscan\" class=\"wc-block-grid__product-link\">\n\t\t\t\t\t\n\t\t\t\t\t<div class=\"wc-block-grid__product-image\"><img decoding=\"async\" width=\"300\" height=\"300\" src=\"https:\/\/buygardiscan.germie.eu\/wp-content\/uploads\/2024\/10\/main-canvas-66a776869b9fde3bf0cd6c6b@3x-300x300.png\" class=\"attachment-woocommerce_thumbnail size-woocommerce_thumbnail\" alt=\"Analyseur de Sol Intelligent 8-en-1 Gardiscan\" srcset=\"https:\/\/buygardiscan.germie.eu\/wp-content\/uploads\/2024\/10\/main-canvas-66a776869b9fde3bf0cd6c6b@3x-300x300.png 300w, https:\/\/buygardiscan.germie.eu\/wp-content\/uploads\/2024\/10\/main-canvas-66a776869b9fde3bf0cd6c6b@3x-1024x1024.png 1024w, https:\/\/buygardiscan.germie.eu\/wp-content\/uploads\/2024\/10\/main-canvas-66a776869b9fde3bf0cd6c6b@3x-150x150.png 150w, https:\/\/buygardiscan.germie.eu\/wp-content\/uploads\/2024\/10\/main-canvas-66a776869b9fde3bf0cd6c6b@3x-768x768.png 768w, https:\/\/buygardiscan.germie.eu\/wp-content\/uploads\/2024\/10\/main-canvas-66a776869b9fde3bf0cd6c6b@3x-1536x1536.png 1536w, https:\/\/buygardiscan.germie.eu\/wp-content\/uploads\/2024\/10\/main-canvas-66a776869b9fde3bf0cd6c6b@3x-2048x2048.png 2048w, https:\/\/buygardiscan.germie.eu\/wp-content\/uploads\/2024\/10\/main-canvas-66a776869b9fde3bf0cd6c6b@3x-600x600.png 600w, https:\/\/buygardiscan.germie.eu\/wp-content\/uploads\/2024\/10\/main-canvas-66a776869b9fde3bf0cd6c6b@3x-100x100.png 100w\" sizes=\"(max-width: 300px) 100vw, 300px\" \/><\/div>\n\t\t\t\t\t<div class=\"wc-block-grid__product-title\">Analyseur de Sol Intelligent 8-en-1 Gardiscan<\/div>\n\t\t\t\t<\/a>\n\t\t\t\t<div class=\"wc-block-grid__product-price price\"><span class=\"woocommerce-Price-amount amount\">149,00&nbsp;<span class=\"woocommerce-Price-currencySymbol\">&euro;<\/span><\/span><\/div>\n\t\t\t\t\n\t\t\t\t<div class=\"wp-block-button wc-block-grid__product-add-to-cart\"><a href=\"\/index.php?rest_route=%2Fwp%2Fv2%2Fpages%2F10&#038;add-to-cart=67\" aria-label=\"Ajouter au panier\u00a0: &ldquo;Analyseur de Sol Intelligent 8-en-1 Gardiscan&rdquo;\" data-quantity=\"1\" data-product_id=\"67\" data-product_sku=\"\" data-price=\"149\" rel=\"nofollow\" class=\"wp-block-button__link  add_to_cart_button ajax_add_to_cart\">Ajouter au panier<\/a><\/div>\n\t\t\t<\/li><\/ul><\/div><\/div>\n<\/div>\n","protected":false},"excerpt":{"rendered":"","protected":false},"author":1,"featured_media":0,"parent":0,"menu_order":0,"comment_status":"closed","ping_status":"closed","template":"","meta":{"footnotes":""},"class_list":["post-10","page","type-page","status-publish","hentry"],"_links":{"self":[{"href":"https:\/\/buygardiscan.germie.eu\/index.php?rest_route=\/wp\/v2\/pages\/10","targetHints":{"allow":["GET"]}}],"collection":[{"href":"https:\/\/buygardiscan.germie.eu\/index.php?rest_route=\/wp\/v2\/pages"}],"about":[{"href":"https:\/\/buygardiscan.germie.eu\/index.php?rest_route=\/wp\/v2\/types\/page"}],"author":[{"embeddable":true,"href":"https:\/\/buygardiscan.germie.eu\/index.php?rest_route=\/wp\/v2\/users\/1"}],"replies":[{"embeddable":true,"href":"https:\/\/buygardiscan.germie.eu\/index.php?rest_route=%2Fwp%2Fv2%2Fcomments&post=10"}],"version-history":[{"count":1,"href":"https:\/\/buygardiscan.germie.eu\/index.php?rest_route=\/wp\/v2\/pages\/10\/revisions"}],"predecessor-version":[{"id":59,"href":"https:\/\/buygardiscan.germie.eu\/index.php?rest_route=\/wp\/v2\/pages\/10\/revisions\/59"}],"wp:attachment":[{"href":"https:\/\/buygardiscan.germie.eu\/index.php?rest_route=%2Fwp%2Fv2%2Fmedia&parent=10"}],"curies":[{"name":"wp","href":"https:\/\/api.w.org\/{rel}","templated":true}]}}