{"id":236,"date":"2024-11-04T11:11:32","date_gmt":"2024-11-04T11:11:32","guid":{"rendered":"https:\/\/buygardiscan.germie.eu\/?post_type=product&#038;p=236"},"modified":"2025-12-10T13:37:17","modified_gmt":"2025-12-10T13:37:17","slug":"aide-a-linstallation","status":"publish","type":"product","link":"https:\/\/buygardiscan.germie.eu\/?product=aide-a-linstallation","title":{"rendered":"Aide \u00e0 l&#8217;installation de l&#8217;Application Gardiscan avec Prise de Contr\u00f4le \u00e0 Distance"},"content":{"rendered":"<ol>\n<li><strong>Installation Personnalis\u00e9e :<\/strong>\n<ul>\n<li>Nos techniciens qualifi\u00e9s vous aide \u00e0 installer l&#8217;application Gardiscan sur votre appareil, garantissant une mise en place rapide et sans tracas.<\/li>\n<\/ul>\n<\/li>\n<li><strong>Configuration Optimale :<\/strong>\n<ul>\n<li>Param\u00e9trage complet de l&#8217;application en fonction de vos besoins sp\u00e9cifiques.<\/li>\n<li>Optimisation des r\u00e9glages pour assurer un fonctionnement fluide et s\u00e9curis\u00e9.<\/li>\n<\/ul>\n<\/li>\n<li><strong>Formation Rapide :<\/strong>\n<ul>\n<li>Une session de formation pour vous familiariser avec les fonctionnalit\u00e9s de l&#8217;application.<\/li>\n<li>Conseils pratiques pour tirer le meilleur parti de votre appareil.<\/li>\n<\/ul>\n<\/li>\n<\/ol>\n","protected":false},"excerpt":{"rendered":"<p>Profitez pleinement de votre application Gardiscan gr\u00e2ce \u00e0 notre service d&#8217;aide \u00e0 l&#8217;installation professionnelle. Nous vous proposons une solution cl\u00e9 en main pour installer et configurer votre application, incluant la possiblit\u00e9 de prise de contr\u00f4le \u00e0 distance, le tout r\u00e9alis\u00e9 par nos experts.<\/p>\n","protected":false},"featured_media":238,"comment_status":"open","ping_status":"closed","template":"","meta":[],"product_brand":[],"product_cat":[15],"product_tag":[],"class_list":{"0":"post-236","1":"product","2":"type-product","3":"status-publish","4":"has-post-thumbnail","6":"product_cat-uncategorized","8":"first","9":"instock","10":"taxable","11":"shipping-taxable","12":"purchasable","13":"product-type-simple"},"_links":{"self":[{"href":"https:\/\/buygardiscan.germie.eu\/index.php?rest_route=\/wp\/v2\/product\/236","targetHints":{"allow":["GET"]}}],"collection":[{"href":"https:\/\/buygardiscan.germie.eu\/index.php?rest_route=\/wp\/v2\/product"}],"about":[{"href":"https:\/\/buygardiscan.germie.eu\/index.php?rest_route=\/wp\/v2\/types\/product"}],"replies":[{"embeddable":true,"href":"https:\/\/buygardiscan.germie.eu\/index.php?rest_route=%2Fwp%2Fv2%2Fcomments&post=236"}],"wp:featuredmedia":[{"embeddable":true,"href":"https:\/\/buygardiscan.germie.eu\/index.php?rest_route=\/wp\/v2\/media\/238"}],"wp:attachment":[{"href":"https:\/\/buygardiscan.germie.eu\/index.php?rest_route=%2Fwp%2Fv2%2Fmedia&parent=236"}],"wp:term":[{"taxonomy":"product_brand","embeddable":true,"href":"https:\/\/buygardiscan.germie.eu\/index.php?rest_route=%2Fwp%2Fv2%2Fproduct_brand&post=236"},{"taxonomy":"product_cat","embeddable":true,"href":"https:\/\/buygardiscan.germie.eu\/index.php?rest_route=%2Fwp%2Fv2%2Fproduct_cat&post=236"},{"taxonomy":"product_tag","embeddable":true,"href":"https:\/\/buygardiscan.germie.eu\/index.php?rest_route=%2Fwp%2Fv2%2Fproduct_tag&post=236"}],"curies":[{"name":"wp","href":"https:\/\/api.w.org\/{rel}","templated":true}]}}