{"id":67,"date":"2024-10-20T18:19:31","date_gmt":"2024-10-20T18:19:31","guid":{"rendered":"https:\/\/buygardiscan.germie.eu\/?product=retro-glass-jug-330-ml"},"modified":"2026-03-31T12:36:33","modified_gmt":"2026-03-31T12:36:33","slug":"analyseur-de-sol-intelligent-8-en-1-gardiscan","status":"publish","type":"product","link":"https:\/\/buygardiscan.germie.eu\/?product=analyseur-de-sol-intelligent-8-en-1-gardiscan","title":{"rendered":"Analyseur de Sol Intelligent 8-en-1 Gardiscan"},"content":{"rendered":"<p>D\u00e9couvrez Gardiscan, le nouvel analyseur de sol intelligent 8-en-1 qui r\u00e9pondra \u00e0 tous vos besoins en mati\u00e8re de jardinage, d&#8217;hortyculture et d&#8217;agriculture. Il suffit de le brancher sur votre t\u00e9l\u00e9phone, tablette <strong>ANDROID<\/strong> ou ordinateur (Prochainement sous Windows) pour obtenir un affichage clair et d\u00e9taill\u00e9 de toutes les donn\u00e9es dont vous avez besoin.<\/p>\n<p>Avec ses 5 sondes de d\u00e9tection, cet appareil r\u00e9volutionnaire vous permettra d&#8217;analyser en temps r\u00e9el la temp\u00e9rature, l&#8217;humidit\u00e9, la conductivit\u00e9 (EC), le pH, l&#8217;azote, le phosphore, le potassium ( NPK ) et la fertilit\u00e9 du sol. Plus besoin d&#8217;utiliser plusieurs outils diff\u00e9rents, tout est regroup\u00e9 dans un seul dispositif pratique.<\/p>\n<p>Gr\u00e2ce \u00e0 ses trois configurations de prise USB C, micro USB et USB, cet analyseur est compatible avec tous les appareils mobiles Android avec une prise USB OTG et ordinateurs. Cet analyseur n&#8217;est pas compatible avec les Iphones. L&#8217;application est gratuite \u00e0 vie sans abonnement, vous permettant ainsi de stocker et d&#8217;exporter vos donn\u00e9es dans des fichiers Excel facilement.<\/p>\n<p>Ce dispositif a \u00e9t\u00e9 d\u00e9velopp\u00e9 pour r\u00e9soudre les probl\u00e8mes les plus courants auxquels sont confront\u00e9s les jardiniers, les horticulteurs et les agriculteurs, tels que la mauvaise qualit\u00e9 du sol, les carences en nutriments ou l&#8217;exc\u00e8s d&#8217;acidit\u00e9. En fournissant des informations pr\u00e9cises et d\u00e9taill\u00e9es sur l&#8217;\u00e9tat de votre sol, cet analyseur intelligent vous guide dans le choix des bons engrais et amendements, vous permettant ainsi d&#8217;optimiser vos rendements et de pr\u00e9server la sant\u00e9 de vos plantes.<\/p>\n<p>Sa conception robuste et \u00e9tanche lui conf\u00e8re une durabilit\u00e9 exceptionnelle, m\u00eame dans des conditions extr\u00eames. Son utilisation est simple et intuitive, m\u00eame pour les d\u00e9butants en jardinage, horticulture ou en agriculture.<\/p>\n<p>Investissez dans cet analyseur de sol intelligent 8-en-1 et prenez soin de votre sol comme jamais auparavant. Obtenez des r\u00e9sultats pr\u00e9cis, \u00e9conomisez du temps et de l&#8217;argent, et r\u00e9coltez des r\u00e9coltes abondantes et saines. Ne laissez pas la qualit\u00e9 de votre sol \u00eatre un frein \u00e0 votre passion pour le jardinage ou \u00e0 votre activit\u00e9 agricole. Optez pour la technologie et maximisez vos chances de succ\u00e8s.<\/p>\n<p>Rejoignez 38 000 utilisateurs en ajoutant d\u00e8s maintenant cet outil r\u00e9volutionnaire \u00e0 votre arsenal. Votre sol vous remerciera. Son \u00e9tanch\u00e9it\u00e9 IP68 garantit son bon fonctionnement \u00e0 long terme, tandis que sa r\u00e9sine \u00e9poxy scelle les signaux pour une protection optimale. Les aiguilles en acier inoxydable sont imperm\u00e9ables et r\u00e9sistantes \u00e0 la corrosion.<\/p>\n<p>Obtenez des r\u00e9sultats pr\u00e9cis en un seul clic gr\u00e2ce \u00e0 cet analyseur de sol intelligent.<\/p>\n<p>Convient aux jardiniers, mara\u00eechers, hortuculteurs et agriculteurs.<\/p>\n<p>&nbsp;<\/p>\n","protected":false},"excerpt":{"rendered":"<p>D\u00e9couvrez le nouvel analyseur de sol intelligent 8-en-1, un outil r\u00e9volutionnaire qui permet de lire simultan\u00e9ment 8 donn\u00e9es essentielles pour vos plantes. Gr\u00e2ce \u00e0 sa compatibilit\u00e9 avec les t\u00e9l\u00e9phones, tablettes <strong>ANDROID<\/strong> <strong>uniquemt<\/strong> et ordinateurs ( prochainement ), vous pouvez d\u00e9sormais afficher ces informations sur un grand \u00e9cran.<\/p>\n<p>Cet analyseur de sol est \u00e9quip\u00e9 de 5 sondes de d\u00e9tection qui vous fournissent des donn\u00e9es pr\u00e9cises sur la temp\u00e9rature, l&#8217;humidit\u00e9, la conductivit\u00e9 EC, le pH, l&#8217;azote, le phosphore, le potassium et la fertilit\u00e9 du sol. Vous pouvez facilement connecter l&#8217;appareil \u00e0 votre appareil mobile ou \u00e0 votre ordinateur gr\u00e2ce aux 3 configurations de prise USB C, micro USB et USB.<\/p>\n<p>L&#8217;application est gratuite \u00e0 vie et sans abonement et vous permet de stocker et d&#8217;exporter vos donn\u00e9es dans des fichiers Excel. De plus, cet analyseur de sol est con\u00e7u pour r\u00e9sister \u00e0 l&#8217;eau et \u00e0 la poussi\u00e8re gr\u00e2ce \u00e0 son indice de protection IP68. Les composants sont \u00e9galement prot\u00e9g\u00e9s par une r\u00e9sine \u00e9poxy pour garantir leur durabilit\u00e9.<\/p>\n<p>Avec cet outil innovant, vous pouvez enfin surveiller facilement et efficacement la sant\u00e9 de vos plantes. Que vous soyez jardinier d\u00e9butant, amateur, maraicher, horticulteur ou agriculteur chevronn\u00e9, cet analyseur de sol r\u00e9pondra \u00e0 tous vos besoins. Ne laissez pas vos plantes souffrir plus longtemps, procurez-vous d\u00e8s maintenant cet analyseur de sol 8-en-1.<\/p>\n<h4>Caract\u00e9ristiques :<\/h4>\n<ul>\n<li><strong>Mesures :<\/strong> Temp\u00e9rature, humidit\u00e9, conductivit\u00e9 (EC), pH, azote, phosphore, potassium (NPK) et fertilit\u00e9 du sol.<\/li>\n<li><strong>Compatibilit\u00e9 :<\/strong> USB C, micro USB et USB (compatible Android avec USB OTG). Cet analyseur n&#8217;est pas compatible avec les Iphones.<\/li>\n<li><strong>Affichage :<\/strong> Clair et d\u00e9taill\u00e9 via une application android gratuite \u00e0 vie.<\/li>\n<\/ul>\n<p>Simplifiez vos analyses de sol avec un seul appareil pratique et performant.<\/p>\n","protected":false},"featured_media":135,"comment_status":"open","ping_status":"closed","template":"","meta":[],"product_brand":[],"product_cat":[15],"product_tag":[],"class_list":{"0":"post-67","1":"product","2":"type-product","3":"status-publish","4":"has-post-thumbnail","6":"product_cat-uncategorized","8":"first","9":"instock","10":"taxable","11":"shipping-taxable","12":"purchasable","13":"product-type-simple"},"_links":{"self":[{"href":"https:\/\/buygardiscan.germie.eu\/index.php?rest_route=\/wp\/v2\/product\/67","targetHints":{"allow":["GET"]}}],"collection":[{"href":"https:\/\/buygardiscan.germie.eu\/index.php?rest_route=\/wp\/v2\/product"}],"about":[{"href":"https:\/\/buygardiscan.germie.eu\/index.php?rest_route=\/wp\/v2\/types\/product"}],"replies":[{"embeddable":true,"href":"https:\/\/buygardiscan.germie.eu\/index.php?rest_route=%2Fwp%2Fv2%2Fcomments&post=67"}],"wp:featuredmedia":[{"embeddable":true,"href":"https:\/\/buygardiscan.germie.eu\/index.php?rest_route=\/wp\/v2\/media\/135"}],"wp:attachment":[{"href":"https:\/\/buygardiscan.germie.eu\/index.php?rest_route=%2Fwp%2Fv2%2Fmedia&parent=67"}],"wp:term":[{"taxonomy":"product_brand","embeddable":true,"href":"https:\/\/buygardiscan.germie.eu\/index.php?rest_route=%2Fwp%2Fv2%2Fproduct_brand&post=67"},{"taxonomy":"product_cat","embeddable":true,"href":"https:\/\/buygardiscan.germie.eu\/index.php?rest_route=%2Fwp%2Fv2%2Fproduct_cat&post=67"},{"taxonomy":"product_tag","embeddable":true,"href":"https:\/\/buygardiscan.germie.eu\/index.php?rest_route=%2Fwp%2Fv2%2Fproduct_tag&post=67"}],"curies":[{"name":"wp","href":"https:\/\/api.w.org\/{rel}","templated":true}]}}